{"id":42,"date":"2026-05-11T13:49:28","date_gmt":"2026-05-11T13:49:28","guid":{"rendered":"https:\/\/gloriacuidadoybelleza.com\/?page_id=42"},"modified":"2026-05-11T13:49:28","modified_gmt":"2026-05-11T13:49:28","slug":"inicio","status":"publish","type":"page","link":"https:\/\/gloriacuidadoybelleza.com\/","title":{"rendered":"Inicio"},"content":{"rendered":"\n<p>Esta p\u00e1gina act\u00faa como portada del sitio. El dise\u00f1o completo lo genera el tema desde Apariencia \u2192 Personalizar.<\/p>\n\n\n","protected":false},"excerpt":{"rendered":"<p>Esta p\u00e1gina act\u00faa como portada del sitio. El dise\u00f1o completo lo genera el tema desde Apariencia \u2192 Personalizar.<\/p>\n","protected":false},"author":0,"featured_media":0,"parent":0,"menu_order":0,"comment_status":"closed","ping_status":"closed","template":"","meta":{"footnotes":""},"class_list":["post-42","page","type-page","status-publish","hentry"],"yoast_head":"<!-- This site is optimized with the Yoast SEO plugin v27.5 - https:\/\/yoast.com\/product\/yoast-seo-wordpress\/ -->\n<title>Inicio - Gloria Cuidado y Belleza<\/title>\n<meta name=\"robots\" content=\"index, follow, max-snippet:-1, max-image-preview:large, max-video-preview:-1\" \/>\n<link rel=\"canonical\" href=\"https:\/\/gloriacuidadoybelleza.com\/?page_id=42\" \/>\n<meta property=\"og:locale\" content=\"es_ES\" \/>\n<meta property=\"og:type\" content=\"article\" \/>\n<meta property=\"og:title\" content=\"Inicio - Gloria Cuidado y Belleza\" \/>\n<meta property=\"og:description\" content=\"Esta p\u00e1gina act\u00faa como portada del sitio. El dise\u00f1o completo lo genera el tema desde Apariencia \u2192 Personalizar.\" \/>\n<meta property=\"og:url\" content=\"https:\/\/gloriacuidadoybelleza.com\/?page_id=42\" \/>\n<meta property=\"og:site_name\" content=\"Gloria Cuidado y Belleza\" \/>\n<meta name=\"twitter:card\" content=\"summary_large_image\" \/>\n<script type=\"application\/ld+json\" class=\"yoast-schema-graph\">{\"@context\":\"https:\\\/\\\/schema.org\",\"@graph\":[{\"@type\":\"WebPage\",\"@id\":\"https:\\\/\\\/gloriacuidadoybelleza.com\\\/?page_id=42\",\"url\":\"https:\\\/\\\/gloriacuidadoybelleza.com\\\/?page_id=42\",\"name\":\"Inicio - Gloria Cuidado y Belleza\",\"isPartOf\":{\"@id\":\"https:\\\/\\\/gloriacuidadoybelleza.com\\\/#website\"},\"datePublished\":\"2026-05-11T13:49:28+00:00\",\"breadcrumb\":{\"@id\":\"https:\\\/\\\/gloriacuidadoybelleza.com\\\/?page_id=42#breadcrumb\"},\"inLanguage\":\"es\",\"potentialAction\":[{\"@type\":\"ReadAction\",\"target\":[\"https:\\\/\\\/gloriacuidadoybelleza.com\\\/?page_id=42\"]}]},{\"@type\":\"BreadcrumbList\",\"@id\":\"https:\\\/\\\/gloriacuidadoybelleza.com\\\/?page_id=42#breadcrumb\",\"itemListElement\":[{\"@type\":\"ListItem\",\"position\":1,\"name\":\"Portada\",\"item\":\"https:\\\/\\\/gloriacuidadoybelleza.com\\\/?page_id=42\"},{\"@type\":\"ListItem\",\"position\":2,\"name\":\"Inicio\"}]},{\"@type\":\"WebSite\",\"@id\":\"https:\\\/\\\/gloriacuidadoybelleza.com\\\/#website\",\"url\":\"https:\\\/\\\/gloriacuidadoybelleza.com\\\/\",\"name\":\"Gloria Cuidado y Belleza\",\"description\":\"\",\"potentialAction\":[{\"@type\":\"SearchAction\",\"target\":{\"@type\":\"EntryPoint\",\"urlTemplate\":\"https:\\\/\\\/gloriacuidadoybelleza.com\\\/?s={search_term_string}\"},\"query-input\":{\"@type\":\"PropertyValueSpecification\",\"valueRequired\":true,\"valueName\":\"search_term_string\"}}],\"inLanguage\":\"es\"}]}<\/script>\n<!-- \/ Yoast SEO plugin. -->","yoast_head_json":{"title":"Inicio - Gloria Cuidado y Belleza","robots":{"index":"index","follow":"follow","max-snippet":"max-snippet:-1","max-image-preview":"max-image-preview:large","max-video-preview":"max-video-preview:-1"},"canonical":"https:\/\/gloriacuidadoybelleza.com\/?page_id=42","og_locale":"es_ES","og_type":"article","og_title":"Inicio - Gloria Cuidado y Belleza","og_description":"Esta p\u00e1gina act\u00faa como portada del sitio. El dise\u00f1o completo lo genera el tema desde Apariencia \u2192 Personalizar.","og_url":"https:\/\/gloriacuidadoybelleza.com\/?page_id=42","og_site_name":"Gloria Cuidado y Belleza","twitter_card":"summary_large_image","schema":{"@context":"https:\/\/schema.org","@graph":[{"@type":"WebPage","@id":"https:\/\/gloriacuidadoybelleza.com\/?page_id=42","url":"https:\/\/gloriacuidadoybelleza.com\/?page_id=42","name":"Inicio - Gloria Cuidado y Belleza","isPartOf":{"@id":"https:\/\/gloriacuidadoybelleza.com\/#website"},"datePublished":"2026-05-11T13:49:28+00:00","breadcrumb":{"@id":"https:\/\/gloriacuidadoybelleza.com\/?page_id=42#breadcrumb"},"inLanguage":"es","potentialAction":[{"@type":"ReadAction","target":["https:\/\/gloriacuidadoybelleza.com\/?page_id=42"]}]},{"@type":"BreadcrumbList","@id":"https:\/\/gloriacuidadoybelleza.com\/?page_id=42#breadcrumb","itemListElement":[{"@type":"ListItem","position":1,"name":"Portada","item":"https:\/\/gloriacuidadoybelleza.com\/?page_id=42"},{"@type":"ListItem","position":2,"name":"Inicio"}]},{"@type":"WebSite","@id":"https:\/\/gloriacuidadoybelleza.com\/#website","url":"https:\/\/gloriacuidadoybelleza.com\/","name":"Gloria Cuidado y Belleza","description":"","potentialAction":[{"@type":"SearchAction","target":{"@type":"EntryPoint","urlTemplate":"https:\/\/gloriacuidadoybelleza.com\/?s={search_term_string}"},"query-input":{"@type":"PropertyValueSpecification","valueRequired":true,"valueName":"search_term_string"}}],"inLanguage":"es"}]}},"_links":{"self":[{"href":"https:\/\/gloriacuidadoybelleza.com\/index.php?rest_route=\/wp\/v2\/pages\/42","targetHints":{"allow":["GET"]}}],"collection":[{"href":"https:\/\/gloriacuidadoybelleza.com\/index.php?rest_route=\/wp\/v2\/pages"}],"about":[{"href":"https:\/\/gloriacuidadoybelleza.com\/index.php?rest_route=\/wp\/v2\/types\/page"}],"replies":[{"embeddable":true,"href":"https:\/\/gloriacuidadoybelleza.com\/index.php?rest_route=%2Fwp%2Fv2%2Fcomments&post=42"}],"version-history":[{"count":0,"href":"https:\/\/gloriacuidadoybelleza.com\/index.php?rest_route=\/wp\/v2\/pages\/42\/revisions"}],"wp:attachment":[{"href":"https:\/\/gloriacuidadoybelleza.com\/index.php?rest_route=%2Fwp%2Fv2%2Fmedia&parent=42"}],"curies":[{"name":"wp","href":"https:\/\/api.w.org\/{rel}","templated":true}]}}