{"id":61,"date":"2026-05-11T13:49:28","date_gmt":"2026-05-11T13:49:28","guid":{"rendered":"https:\/\/gloriacuidadoybelleza.com\/?page_id=61"},"modified":"2026-05-11T13:49:28","modified_gmt":"2026-05-11T13:49:28","slug":"aviso-legal","status":"publish","type":"page","link":"https:\/\/gloriacuidadoybelleza.com\/?page_id=61","title":{"rendered":"Aviso Legal"},"content":{"rendered":"\n<h2 class=\"wp-block-heading\">Datos identificativos del titular<\/h2>\n\n\n\n<p>En cumplimiento del art\u00edculo 10 de la Ley 34\/2002, de Servicios de la Sociedad de la Informaci\u00f3n y Comercio Electr\u00f3nico (LSSI-CE), te informamos de:<\/p>\n\n\n\n<ul class=\"wp-block-list\">\n\n<li><strong>Titular:<\/strong> Mercedes Patallo<\/li>\n\n\n<li><strong>CIF:<\/strong> B10833556G<\/li>\n\n\n<li><strong>Domicilio social:<\/strong> C\/ Ribadesella 1, bajo derecha \u00b7 33207 Gij\u00f3n \u00b7 Asturias<\/li>\n\n\n<li><strong>Tel\u00e9fono:<\/strong> 985 35 66 67<\/li>\n\n\n<li><strong>Email:<\/strong> info@mercedespatallo.com<\/li>\n\n<\/ul>\n\n\n\n<h2 class=\"wp-block-heading\">Objeto<\/h2>\n\n\n\n<p>Este sitio web tiene por objeto informar sobre los servicios de est\u00e9tica que prestamos en nuestro centro de Gij\u00f3n y permitir la compra online de cosm\u00e9tica profesional a trav\u00e9s de nuestra tienda.<\/p>\n\n\n\n<h2 class=\"wp-block-heading\">Propiedad intelectual<\/h2>\n\n\n\n<p>Todos los contenidos (textos, fotograf\u00edas, logos, c\u00f3digo) son propiedad de Mercedes Patallo o de los autores indicados. Queda prohibida su reproducci\u00f3n total o parcial sin autorizaci\u00f3n expresa.<\/p>\n\n\n\n<h2 class=\"wp-block-heading\">Responsabilidad<\/h2>\n\n\n\n<p>No nos hacemos responsables de los da\u00f1os derivados del mal uso del sitio web ni de los enlaces a terceros.<\/p>\n\n\n\n<h2 class=\"wp-block-heading\">Legislaci\u00f3n aplicable y jurisdicci\u00f3n<\/h2>\n\n\n\n<p>Las relaciones con los usuarios se regir\u00e1n por la legislaci\u00f3n espa\u00f1ola. Para cualquier controversia, las partes se someten a los Juzgados y Tribunales de Gij\u00f3n.<\/p>\n\n\n\n<p><em>Completa con cl\u00e1usulas adicionales seg\u00fan asesoramiento legal.<\/em><\/p>\n\n\n","protected":false},"excerpt":{"rendered":"<p>Datos identificativos del titular En cumplimiento del art\u00edculo 10 de la Ley 34\/2002, de Servicios de la Sociedad de la Informaci\u00f3n y Comercio Electr\u00f3nico (LSSI-CE), te informamos de: Objeto Este sitio web tiene por objeto informar sobre los servicios de est\u00e9tica que prestamos en nuestro centro de Gij\u00f3n y permitir la compra online de cosm\u00e9tica [&hellip;]<\/p>\n","protected":false},"author":0,"featured_media":0,"parent":0,"menu_order":0,"comment_status":"closed","ping_status":"closed","template":"","meta":{"footnotes":""},"class_list":["post-61","page","type-page","status-publish","hentry"],"yoast_head":"<!-- This site is optimized with the Yoast SEO plugin v27.5 - https:\/\/yoast.com\/product\/yoast-seo-wordpress\/ -->\n<title>Aviso Legal - Gloria Cuidado y Belleza<\/title>\n<meta name=\"robots\" content=\"index, follow, max-snippet:-1, max-image-preview:large, max-video-preview:-1\" \/>\n<link rel=\"canonical\" href=\"https:\/\/gloriacuidadoybelleza.com\/?page_id=61\" \/>\n<meta property=\"og:locale\" content=\"es_ES\" \/>\n<meta property=\"og:type\" content=\"article\" \/>\n<meta property=\"og:title\" content=\"Aviso Legal - Gloria Cuidado y Belleza\" \/>\n<meta property=\"og:description\" content=\"Datos identificativos del titular En cumplimiento del art\u00edculo 10 de la Ley 34\/2002, de Servicios de la Sociedad de la Informaci\u00f3n y Comercio Electr\u00f3nico (LSSI-CE), te informamos de: Objeto Este sitio web tiene por objeto informar sobre los servicios de est\u00e9tica que prestamos en nuestro centro de Gij\u00f3n y permitir la compra online de cosm\u00e9tica [&hellip;]\" \/>\n<meta property=\"og:url\" content=\"https:\/\/gloriacuidadoybelleza.com\/?page_id=61\" \/>\n<meta property=\"og:site_name\" content=\"Gloria Cuidado y Belleza\" \/>\n<meta name=\"twitter:card\" content=\"summary_large_image\" \/>\n<meta name=\"twitter:label1\" content=\"Tiempo de lectura\" \/>\n\t<meta name=\"twitter:data1\" content=\"1 minuto\" \/>\n<script type=\"application\/ld+json\" class=\"yoast-schema-graph\">{\"@context\":\"https:\\\/\\\/schema.org\",\"@graph\":[{\"@type\":\"WebPage\",\"@id\":\"https:\\\/\\\/gloriacuidadoybelleza.com\\\/?page_id=61\",\"url\":\"https:\\\/\\\/gloriacuidadoybelleza.com\\\/?page_id=61\",\"name\":\"Aviso Legal - Gloria Cuidado y Belleza\",\"isPartOf\":{\"@id\":\"https:\\\/\\\/gloriacuidadoybelleza.com\\\/#website\"},\"datePublished\":\"2026-05-11T13:49:28+00:00\",\"breadcrumb\":{\"@id\":\"https:\\\/\\\/gloriacuidadoybelleza.com\\\/?page_id=61#breadcrumb\"},\"inLanguage\":\"es\",\"potentialAction\":[{\"@type\":\"ReadAction\",\"target\":[\"https:\\\/\\\/gloriacuidadoybelleza.com\\\/?page_id=61\"]}]},{\"@type\":\"BreadcrumbList\",\"@id\":\"https:\\\/\\\/gloriacuidadoybelleza.com\\\/?page_id=61#breadcrumb\",\"itemListElement\":[{\"@type\":\"ListItem\",\"position\":1,\"name\":\"Portada\",\"item\":\"https:\\\/\\\/gloriacuidadoybelleza.com\\\/?page_id=42\"},{\"@type\":\"ListItem\",\"position\":2,\"name\":\"Aviso Legal\"}]},{\"@type\":\"WebSite\",\"@id\":\"https:\\\/\\\/gloriacuidadoybelleza.com\\\/#website\",\"url\":\"https:\\\/\\\/gloriacuidadoybelleza.com\\\/\",\"name\":\"Gloria Cuidado y Belleza\",\"description\":\"\",\"potentialAction\":[{\"@type\":\"SearchAction\",\"target\":{\"@type\":\"EntryPoint\",\"urlTemplate\":\"https:\\\/\\\/gloriacuidadoybelleza.com\\\/?s={search_term_string}\"},\"query-input\":{\"@type\":\"PropertyValueSpecification\",\"valueRequired\":true,\"valueName\":\"search_term_string\"}}],\"inLanguage\":\"es\"}]}<\/script>\n<!-- \/ Yoast SEO plugin. -->","yoast_head_json":{"title":"Aviso Legal - Gloria Cuidado y Belleza","robots":{"index":"index","follow":"follow","max-snippet":"max-snippet:-1","max-image-preview":"max-image-preview:large","max-video-preview":"max-video-preview:-1"},"canonical":"https:\/\/gloriacuidadoybelleza.com\/?page_id=61","og_locale":"es_ES","og_type":"article","og_title":"Aviso Legal - Gloria Cuidado y Belleza","og_description":"Datos identificativos del titular En cumplimiento del art\u00edculo 10 de la Ley 34\/2002, de Servicios de la Sociedad de la Informaci\u00f3n y Comercio Electr\u00f3nico (LSSI-CE), te informamos de: Objeto Este sitio web tiene por objeto informar sobre los servicios de est\u00e9tica que prestamos en nuestro centro de Gij\u00f3n y permitir la compra online de cosm\u00e9tica [&hellip;]","og_url":"https:\/\/gloriacuidadoybelleza.com\/?page_id=61","og_site_name":"Gloria Cuidado y Belleza","twitter_card":"summary_large_image","twitter_misc":{"Tiempo de lectura":"1 minuto"},"schema":{"@context":"https:\/\/schema.org","@graph":[{"@type":"WebPage","@id":"https:\/\/gloriacuidadoybelleza.com\/?page_id=61","url":"https:\/\/gloriacuidadoybelleza.com\/?page_id=61","name":"Aviso Legal - Gloria Cuidado y Belleza","isPartOf":{"@id":"https:\/\/gloriacuidadoybelleza.com\/#website"},"datePublished":"2026-05-11T13:49:28+00:00","breadcrumb":{"@id":"https:\/\/gloriacuidadoybelleza.com\/?page_id=61#breadcrumb"},"inLanguage":"es","potentialAction":[{"@type":"ReadAction","target":["https:\/\/gloriacuidadoybelleza.com\/?page_id=61"]}]},{"@type":"BreadcrumbList","@id":"https:\/\/gloriacuidadoybelleza.com\/?page_id=61#breadcrumb","itemListElement":[{"@type":"ListItem","position":1,"name":"Portada","item":"https:\/\/gloriacuidadoybelleza.com\/?page_id=42"},{"@type":"ListItem","position":2,"name":"Aviso Legal"}]},{"@type":"WebSite","@id":"https:\/\/gloriacuidadoybelleza.com\/#website","url":"https:\/\/gloriacuidadoybelleza.com\/","name":"Gloria Cuidado y Belleza","description":"","potentialAction":[{"@type":"SearchAction","target":{"@type":"EntryPoint","urlTemplate":"https:\/\/gloriacuidadoybelleza.com\/?s={search_term_string}"},"query-input":{"@type":"PropertyValueSpecification","valueRequired":true,"valueName":"search_term_string"}}],"inLanguage":"es"}]}},"_links":{"self":[{"href":"https:\/\/gloriacuidadoybelleza.com\/index.php?rest_route=\/wp\/v2\/pages\/61","targetHints":{"allow":["GET"]}}],"collection":[{"href":"https:\/\/gloriacuidadoybelleza.com\/index.php?rest_route=\/wp\/v2\/pages"}],"about":[{"href":"https:\/\/gloriacuidadoybelleza.com\/index.php?rest_route=\/wp\/v2\/types\/page"}],"replies":[{"embeddable":true,"href":"https:\/\/gloriacuidadoybelleza.com\/index.php?rest_route=%2Fwp%2Fv2%2Fcomments&post=61"}],"version-history":[{"count":0,"href":"https:\/\/gloriacuidadoybelleza.com\/index.php?rest_route=\/wp\/v2\/pages\/61\/revisions"}],"wp:attachment":[{"href":"https:\/\/gloriacuidadoybelleza.com\/index.php?rest_route=%2Fwp%2Fv2%2Fmedia&parent=61"}],"curies":[{"name":"wp","href":"https:\/\/api.w.org\/{rel}","templated":true}]}}